{"id":4634,"date":"2026-02-17T11:18:15","date_gmt":"2026-02-17T09:18:15","guid":{"rendered":"https:\/\/saterinportti.fi\/?page_id=4634"},"modified":"2026-02-17T11:56:43","modified_gmt":"2026-02-17T09:56:43","slug":"golfsimulaattori-2","status":"publish","type":"page","link":"https:\/\/saterinportti.fi\/en\/golfsimulaattori-2\/","title":{"rendered":"Golf simulator"},"content":{"rendered":"<div data-elementor-type=\"wp-page\" data-elementor-id=\"4634\" class=\"elementor elementor-4634\" data-elementor-post-type=\"page\">\n\t\t\t\t\t\t<section class=\"elementor-section elementor-top-section elementor-element elementor-element-f7a8383 elementor-section-boxed elementor-section-height-default elementor-section-height-default\" data-id=\"f7a8383\" data-element_type=\"section\" data-e-type=\"section\">\n\t\t\t\t\t\t<div class=\"elementor-container elementor-column-gap-default\">\n\t\t\t\t\t<div class=\"elementor-column elementor-col-100 elementor-top-column elementor-element elementor-element-18511f7\" data-id=\"18511f7\" data-element_type=\"column\" data-e-type=\"column\">\n\t\t\t<div class=\"elementor-widget-wrap elementor-element-populated\">\n\t\t\t\t\t\t<div class=\"elementor-element elementor-element-f7fe1b9 elementor-widget elementor-widget-image\" data-id=\"f7fe1b9\" data-element_type=\"widget\" data-e-type=\"widget\" data-widget_type=\"image.default\">\n\t\t\t\t<div class=\"elementor-widget-container\">\n\t\t\t\t\t\t\t\t\t\t\t\t\t\t\t<img fetchpriority=\"high\" decoding=\"async\" width=\"800\" height=\"384\" src=\"https:\/\/saterinportti.fi\/wp-content\/uploads\/2026\/02\/image001-1024x491.png\" class=\"attachment-large size-large wp-image-4655\" alt=\"\" srcset=\"https:\/\/saterinportti.fi\/wp-content\/uploads\/2026\/02\/image001-1024x491.png 1024w, https:\/\/saterinportti.fi\/wp-content\/uploads\/2026\/02\/image001-300x144.png 300w, https:\/\/saterinportti.fi\/wp-content\/uploads\/2026\/02\/image001-768x368.png 768w, https:\/\/saterinportti.fi\/wp-content\/uploads\/2026\/02\/image001-18x9.png 18w, https:\/\/saterinportti.fi\/wp-content\/uploads\/2026\/02\/image001.png 1303w\" sizes=\"(max-width: 800px) 100vw, 800px\" \/>\t\t\t\t\t\t\t\t\t\t\t\t\t\t\t<\/div>\n\t\t\t\t<\/div>\n\t\t\t\t\t<\/div>\n\t\t<\/div>\n\t\t\t\t\t<\/div>\n\t\t<\/section>\n\t\t\t\t<section class=\"elementor-section elementor-top-section elementor-element elementor-element-ba175ff elementor-section-boxed elementor-section-height-default elementor-section-height-default\" data-id=\"ba175ff\" data-element_type=\"section\" data-e-type=\"section\">\n\t\t\t\t\t\t<div class=\"elementor-container elementor-column-gap-default\">\n\t\t\t\t\t<div class=\"elementor-column elementor-col-100 elementor-top-column elementor-element elementor-element-f225405\" data-id=\"f225405\" data-element_type=\"column\" data-e-type=\"column\">\n\t\t\t<div class=\"elementor-widget-wrap elementor-element-populated\">\n\t\t\t\t\t\t<div class=\"elementor-element elementor-element-16b1c93 elementor-widget elementor-widget-heading\" data-id=\"16b1c93\" data-element_type=\"widget\" data-e-type=\"widget\" data-widget_type=\"heading.default\">\n\t\t\t\t<div class=\"elementor-widget-container\">\n\t\t\t\t\t<h2 class=\"elementor-heading-title elementor-size-default\">GOLFSIMULAATTORI<\/h2>\t\t\t\t<\/div>\n\t\t\t\t<\/div>\n\t\t\t\t\t<\/div>\n\t\t<\/div>\n\t\t\t\t\t<\/div>\n\t\t<\/section>\n\t\t\t\t<section class=\"elementor-section elementor-top-section elementor-element elementor-element-2cd0930 elementor-section-boxed elementor-section-height-default elementor-section-height-default\" data-id=\"2cd0930\" data-element_type=\"section\" data-e-type=\"section\">\n\t\t\t\t\t\t<div class=\"elementor-container elementor-column-gap-default\">\n\t\t\t\t\t<div class=\"elementor-column elementor-col-50 elementor-top-column elementor-element elementor-element-2f590d4\" data-id=\"2f590d4\" data-element_type=\"column\" data-e-type=\"column\">\n\t\t\t<div class=\"elementor-widget-wrap elementor-element-populated\">\n\t\t\t\t\t\t<div class=\"elementor-element elementor-element-6948de3 elementor-widget elementor-widget-text-editor\" data-id=\"6948de3\" data-element_type=\"widget\" data-e-type=\"widget\" data-widget_type=\"text-editor.default\">\n\t\t\t\t<div class=\"elementor-widget-container\">\n\t\t\t\t\t\t\t\t\t<p><strong>GOLFSIMULAATTORIN\u00a0<\/strong><strong>VARAAMINEN<\/strong><\/p><p><em>(Vain kiinteist\u00f6n vuokralaisten k\u00e4ytt\u00f6\u00f6n.)<\/em><\/p><p>\u2022 Tee varaus golfsimulaattoriin Inbliss \u2013j\u00e4rjestelm\u00e4ss\u00e4 tai Aulapalvelussa<br \/>\u2022 Maksa varaus Ravintola Dylanissa aukioloaikojen puitteissa<br \/>\u2022 Tule p\u00e4\u00e4aulaan aukioloaikojen puitteissa ja n\u00e4yt\u00e4 kuitti maksusta<br \/>\u2022 Saat erillisen kulkutunnisteen golfsimulaattoriin aulasta<br \/>\u2022 Jos varauksesi on viikonloppuna niin hoida kaikki valmiiksi viimeist\u00e4\u00e4n perjantaina ennen klo. 14<\/p>\t\t\t\t\t\t\t\t<\/div>\n\t\t\t\t<\/div>\n\t\t\t\t\t<\/div>\n\t\t<\/div>\n\t\t\t\t<div class=\"elementor-column elementor-col-50 elementor-top-column elementor-element elementor-element-1e90671\" data-id=\"1e90671\" data-element_type=\"column\" data-e-type=\"column\">\n\t\t\t<div class=\"elementor-widget-wrap elementor-element-populated\">\n\t\t\t\t\t\t<div class=\"elementor-element elementor-element-b6fcb9f elementor-widget elementor-widget-text-editor\" data-id=\"b6fcb9f\" data-element_type=\"widget\" data-e-type=\"widget\" data-widget_type=\"text-editor.default\">\n\t\t\t\t<div class=\"elementor-widget-container\">\n\t\t\t\t\t\t\t\t\t<p><b> GOLF SIMULATOR RESERVATION<\/b><\/p><p><em>(For the exclusive use of the building\u2019s tenants.)<\/em><\/p><p>\u2022 Make a reservation for the golf simulator in the Inbliss system or at the Lobby Service<br \/>\u2022 Pay for the reservation at Restaurant Dylan during opening hours<br \/>\u2022 Come to the lobby during opening hours and show the receipt of payment<br \/>\u2022 You will receive a separate access token for the golf simulator from the lobby<br \/>\u2022 If your reservation is on a weekend, please have everything ready by Friday before 2 p.m.\u00a0<\/p>\t\t\t\t\t\t\t\t<\/div>\n\t\t\t\t<\/div>\n\t\t\t\t\t<\/div>\n\t\t<\/div>\n\t\t\t\t\t<\/div>\n\t\t<\/section>\n\t\t\t\t<\/div>","protected":false},"excerpt":{"rendered":"<p>GOLFSIMULAATTORI GOLFSIMULAATTORIN\u00a0VARAAMINEN (Vain kiinteist\u00f6n vuokralaisten k\u00e4ytt\u00f6\u00f6n.) \u2022 Tee varaus golfsimulaattoriin Inbliss \u2013j\u00e4rjestelm\u00e4ss\u00e4 tai Aulapalvelussa\u2022 Maksa varaus Ravintola Dylanissa aukioloaikojen puitteissa\u2022 Tule p\u00e4\u00e4aulaan aukioloaikojen puitteissa ja n\u00e4yt\u00e4 kuitti maksusta\u2022 Saat erillisen [&hellip;]<\/p>\n","protected":false},"author":7,"featured_media":0,"parent":0,"menu_order":0,"comment_status":"closed","ping_status":"closed","template":"","meta":{"om_disable_all_campaigns":false,"_monsterinsights_skip_tracking":false,"_monsterinsights_sitenote_active":false,"_monsterinsights_sitenote_note":"","_monsterinsights_sitenote_category":0,"_price":"","_stock":"","_tribe_ticket_header":"","_tribe_default_ticket_provider":"","_tribe_ticket_capacity":"","_ticket_start_date":"","_ticket_end_date":"","_tribe_ticket_show_description":"","_tribe_ticket_show_not_going":false,"_tribe_ticket_use_global_stock":"","_tribe_ticket_global_stock_level":"","_global_stock_mode":"","_global_stock_cap":"","_tribe_rsvp_for_event":"","_tribe_ticket_going_count":"","_tribe_ticket_not_going_count":"","_tribe_tickets_list":"[]","_tribe_ticket_has_attendee_info_fields":false,"footnotes":""},"class_list":["post-4634","page","type-page","status-publish","hentry"],"aioseo_notices":[],"_links":{"self":[{"href":"https:\/\/saterinportti.fi\/en\/wp-json\/wp\/v2\/pages\/4634","targetHints":{"allow":["GET"]}}],"collection":[{"href":"https:\/\/saterinportti.fi\/en\/wp-json\/wp\/v2\/pages"}],"about":[{"href":"https:\/\/saterinportti.fi\/en\/wp-json\/wp\/v2\/types\/page"}],"author":[{"embeddable":true,"href":"https:\/\/saterinportti.fi\/en\/wp-json\/wp\/v2\/users\/7"}],"replies":[{"embeddable":true,"href":"https:\/\/saterinportti.fi\/en\/wp-json\/wp\/v2\/comments?post=4634"}],"version-history":[{"count":19,"href":"https:\/\/saterinportti.fi\/en\/wp-json\/wp\/v2\/pages\/4634\/revisions"}],"predecessor-version":[{"id":4666,"href":"https:\/\/saterinportti.fi\/en\/wp-json\/wp\/v2\/pages\/4634\/revisions\/4666"}],"wp:attachment":[{"href":"https:\/\/saterinportti.fi\/en\/wp-json\/wp\/v2\/media?parent=4634"}],"curies":[{"name":"wp","href":"https:\/\/api.w.org\/{rel}","templated":true}]}}