{"id":4247,"date":"2025-04-07T16:00:08","date_gmt":"2025-04-07T13:00:08","guid":{"rendered":"https:\/\/saterinportti.fi\/?page_id=4247"},"modified":"2025-04-11T17:35:09","modified_gmt":"2025-04-11T14:35:09","slug":"paasiaisvisa","status":"publish","type":"page","link":"https:\/\/saterinportti.fi\/en\/paasiaisvisa\/","title":{"rendered":"P\u00e4\u00e4si\u00e4isvisa"},"content":{"rendered":"<div data-elementor-type=\"wp-page\" data-elementor-id=\"4247\" class=\"elementor elementor-4247\" data-elementor-post-type=\"page\">\n\t\t\t\t\t\t<section class=\"elementor-section elementor-top-section elementor-element elementor-element-79b46ce elementor-section-boxed elementor-section-height-default elementor-section-height-default\" data-id=\"79b46ce\" data-element_type=\"section\" data-e-type=\"section\">\n\t\t\t\t\t\t<div class=\"elementor-container elementor-column-gap-default\">\n\t\t\t\t\t<div class=\"elementor-column elementor-col-100 elementor-top-column elementor-element elementor-element-7ec5152\" data-id=\"7ec5152\" data-element_type=\"column\" data-e-type=\"column\">\n\t\t\t<div class=\"elementor-widget-wrap elementor-element-populated\">\n\t\t\t\t\t\t<div class=\"elementor-element elementor-element-a628b3e elementor-widget elementor-widget-shortcode\" data-id=\"a628b3e\" data-element_type=\"widget\" data-e-type=\"widget\" data-widget_type=\"shortcode.default\">\n\t\t\t\t<div class=\"elementor-widget-container\">\n\t\t\t\t\t\t\t<div class=\"elementor-shortcode\"><!-- Include the CryptoJS library for hashing the user id before sending it to the PuzzleMe server. -->\n<script src=\"https:\/\/cdnjs.cloudflare.com\/ajax\/libs\/crypto-js\/4.1.1\/crypto-js.min.js\"><\/script>\n<!-- Include the javascript library for embedding this puzzle. -->\n<script id=\"pm-script\" src=\"https:\/\/puzzleme.amuselabs.com\/pmm\/js\/puzzleme-embed.js\"><\/script>\n<!-- Specify the Amuse Labs server name from where the puzzles will be served and trigger the embed flow. -->\n<script>\n    PM_Config.PM_BasePath = \"https:\/\/puzzleme.amuselabs.com\/pmm\/\";\n<\/script>\n<!-- Specifies the puzzle to be embedded on the page. If you want to render multiple games on your page then you can copy paste it multiple times. -->\n<div style=\"position: relative; text-align: center;\"><div class=\"pm-embed-div\" data-id=\"c65c9ca7\" data-set=\"6bb410362be43e53b0d92c3175542f0724c0397b3a364136a19c8cf7c7b7a643\" data-puzzletype=\"quiz\" data-height=\"700px\" data-mobilemargin=\"10px\"><\/div><div class=\"pm-attribution-div\" style=\"font-family: sans-serif; font-size: 12px; color: rgb(102, 102, 102); position: absolute; top: 100%; left: 50%; transform: translate(-50%); padding-top: 5px; width: 100%;\">Created by Mari Jalom\u00e4ki using the <a href=\"https:\/\/amuselabs.com\/games\/quiz\/\" target=\"_blank\" style=\"color: #666666; text-decoration: underline;\">quiz maker<\/a> from Amuse Labs<\/div><\/div>\n<\/div>\n\t\t\t\t\t\t<\/div>\n\t\t\t\t<\/div>\n\t\t\t\t\t<\/div>\n\t\t<\/div>\n\t\t\t\t\t<\/div>\n\t\t<\/section>\n\t\t\t\t<\/div>","protected":false},"excerpt":{"rendered":"<p>Created by Mari Jalom\u00e4ki using the quiz maker from Amuse Labs<\/p>","protected":false},"author":1,"featured_media":0,"parent":0,"menu_order":0,"comment_status":"closed","ping_status":"closed","template":"","meta":{"om_disable_all_campaigns":false,"_monsterinsights_skip_tracking":false,"_monsterinsights_sitenote_active":false,"_monsterinsights_sitenote_note":"","_monsterinsights_sitenote_category":0,"_price":"","_stock":"","_tribe_ticket_header":"","_tribe_default_ticket_provider":"","_tribe_ticket_capacity":"0","_ticket_start_date":"","_ticket_end_date":"","_tribe_ticket_show_description":"","_tribe_ticket_show_not_going":false,"_tribe_ticket_use_global_stock":"","_tribe_ticket_global_stock_level":"","_global_stock_mode":"","_global_stock_cap":"","_tribe_rsvp_for_event":"","_tribe_ticket_going_count":"","_tribe_ticket_not_going_count":"","_tribe_tickets_list":"[]","_tribe_ticket_has_attendee_info_fields":false,"footnotes":""},"class_list":["post-4247","page","type-page","status-publish","hentry"],"aioseo_notices":[],"_links":{"self":[{"href":"https:\/\/saterinportti.fi\/en\/wp-json\/wp\/v2\/pages\/4247","targetHints":{"allow":["GET"]}}],"collection":[{"href":"https:\/\/saterinportti.fi\/en\/wp-json\/wp\/v2\/pages"}],"about":[{"href":"https:\/\/saterinportti.fi\/en\/wp-json\/wp\/v2\/types\/page"}],"author":[{"embeddable":true,"href":"https:\/\/saterinportti.fi\/en\/wp-json\/wp\/v2\/users\/1"}],"replies":[{"embeddable":true,"href":"https:\/\/saterinportti.fi\/en\/wp-json\/wp\/v2\/comments?post=4247"}],"version-history":[{"count":8,"href":"https:\/\/saterinportti.fi\/en\/wp-json\/wp\/v2\/pages\/4247\/revisions"}],"predecessor-version":[{"id":4263,"href":"https:\/\/saterinportti.fi\/en\/wp-json\/wp\/v2\/pages\/4247\/revisions\/4263"}],"wp:attachment":[{"href":"https:\/\/saterinportti.fi\/en\/wp-json\/wp\/v2\/media?parent=4247"}],"curies":[{"name":"wp","href":"https:\/\/api.w.org\/{rel}","templated":true}]}}