{"id":4049,"date":"2025-03-28T14:57:25","date_gmt":"2025-03-28T12:57:25","guid":{"rendered":"http:\/\/saterinportti.fi\/?page_id=4049"},"modified":"2025-03-28T15:33:54","modified_gmt":"2025-03-28T13:33:54","slug":"easter-egg-hunt","status":"publish","type":"page","link":"https:\/\/saterinportti.fi\/en\/easter-egg-hunt\/","title":{"rendered":"Easter Egg Hunt"},"content":{"rendered":"<div data-elementor-type=\"wp-page\" data-elementor-id=\"4049\" class=\"elementor elementor-4049\" data-elementor-post-type=\"page\">\n\t\t\t\t\t\t<section class=\"elementor-section elementor-top-section elementor-element elementor-element-cefe2ee elementor-section-height-min-height elementor-section-content-middle elementor-section-boxed elementor-section-height-default elementor-section-items-middle\" data-id=\"cefe2ee\" data-element_type=\"section\" data-e-type=\"section\" data-settings=\"{&quot;background_background&quot;:&quot;classic&quot;}\">\n\t\t\t\t\t\t\t<div class=\"elementor-background-overlay\"><\/div>\n\t\t\t\t\t\t\t<div class=\"elementor-container elementor-column-gap-default\">\n\t\t\t\t\t<div class=\"elementor-column elementor-col-100 elementor-top-column elementor-element elementor-element-36ded64\" data-id=\"36ded64\" data-element_type=\"column\" data-e-type=\"column\">\n\t\t\t<div class=\"elementor-widget-wrap elementor-element-populated\">\n\t\t\t\t\t\t<section class=\"elementor-section elementor-inner-section elementor-element elementor-element-87d78e6 elementor-section-boxed elementor-section-height-default elementor-section-height-default\" data-id=\"87d78e6\" data-element_type=\"section\" data-e-type=\"section\">\n\t\t\t\t\t\t<div class=\"elementor-container elementor-column-gap-default\">\n\t\t\t\t\t<div class=\"elementor-column elementor-col-100 elementor-inner-column elementor-element elementor-element-014f02e\" data-id=\"014f02e\" data-element_type=\"column\" data-e-type=\"column\">\n\t\t\t<div class=\"elementor-widget-wrap elementor-element-populated\">\n\t\t\t\t\t\t<div class=\"elementor-element elementor-element-6c98121 elementor-invisible elementor-widget elementor-widget-heading\" data-id=\"6c98121\" data-element_type=\"widget\" data-e-type=\"widget\" data-settings=\"{&quot;_animation&quot;:&quot;fadeInUp&quot;}\" data-widget_type=\"heading.default\">\n\t\t\t\t<div class=\"elementor-widget-container\">\n\t\t\t\t\t<h5 class=\"elementor-heading-title elementor-size-default\">tsirp, tsirp!<\/h5>\t\t\t\t<\/div>\n\t\t\t\t<\/div>\n\t\t\t\t<div class=\"elementor-element elementor-element-519fb20 elementor-widget elementor-widget-heading\" data-id=\"519fb20\" data-element_type=\"widget\" data-e-type=\"widget\" data-widget_type=\"heading.default\">\n\t\t\t\t<div class=\"elementor-widget-container\">\n\t\t\t\t\t<h2 class=\"elementor-heading-title elementor-size-default\">Easter Egg Hunt ke 16.4.2025\nstarttaa p\u00e4\u00e4aulasta<\/h2>\t\t\t\t<\/div>\n\t\t\t\t<\/div>\n\t\t\t\t<div class=\"elementor-element elementor-element-edbabbc elementor-widget elementor-widget-text-editor\" data-id=\"edbabbc\" data-element_type=\"widget\" data-e-type=\"widget\" data-widget_type=\"text-editor.default\">\n\t\t\t\t<div class=\"elementor-widget-container\">\n\t\t\t\t\t\t\t\t\t<p class=\"\" data-start=\"58\" data-end=\"350\">T\u00e4ss\u00e4 hauskassa seikkailussa p\u00e4\u00e4set p\u00e4\u00e4si\u00e4isen tunnelmaan ja ratkomaan arvoituksia ja teht\u00e4vi\u00e4 ymp\u00e4ri S\u00e4terinporttia yhdess\u00e4 kollegoidesi kanssa.<\/p>\t\t\t\t\t\t\t\t<\/div>\n\t\t\t\t<\/div>\n\t\t\t\t<div class=\"elementor-element elementor-element-e15899b elementor-tablet-align-center elementor-align-center elementor-hidden-tablet elementor-hidden-mobile elementor-invisible elementor-widget elementor-widget-button\" data-id=\"e15899b\" data-element_type=\"widget\" data-e-type=\"widget\" data-settings=\"{&quot;_animation&quot;:&quot;fadeInDown&quot;}\" data-widget_type=\"button.default\">\n\t\t\t\t<div class=\"elementor-widget-container\">\n\t\t\t\t\t\t\t\t\t<div class=\"elementor-button-wrapper\">\n\t\t\t\t\t<a class=\"elementor-button elementor-button-link elementor-size-md\" href=\"https:\/\/saterinportti.fi\/en\/easter-egg-hunt\/#toimii\">\n\t\t\t\t\t\t<span class=\"elementor-button-content-wrapper\">\n\t\t\t\t\t\t\t\t\t<span class=\"elementor-button-text\">Kuulostaako kivalta? Jatka lukemista<\/span>\n\t\t\t\t\t<\/span>\n\t\t\t\t\t<\/a>\n\t\t\t\t<\/div>\n\t\t\t\t\t\t\t\t<\/div>\n\t\t\t\t<\/div>\n\t\t\t\t\t<\/div>\n\t\t<\/div>\n\t\t\t\t\t<\/div>\n\t\t<\/section>\n\t\t\t\t<section class=\"elementor-section elementor-inner-section elementor-element elementor-element-9c8f49d elementor-section-boxed elementor-section-height-default elementor-section-height-default\" data-id=\"9c8f49d\" data-element_type=\"section\" data-e-type=\"section\">\n\t\t\t\t\t\t<div class=\"elementor-container elementor-column-gap-default\">\n\t\t\t\t\t<div class=\"elementor-column elementor-col-100 elementor-inner-column elementor-element elementor-element-10613b1\" data-id=\"10613b1\" data-element_type=\"column\" data-e-type=\"column\">\n\t\t\t<div class=\"elementor-widget-wrap elementor-element-populated\">\n\t\t\t\t\t\t<div class=\"elementor-element elementor-element-4a11199 elementor-view-default elementor-invisible elementor-widget elementor-widget-icon\" data-id=\"4a11199\" data-element_type=\"widget\" data-e-type=\"widget\" data-settings=\"{&quot;_animation&quot;:&quot;fadeInDown&quot;}\" data-widget_type=\"icon.default\">\n\t\t\t\t<div class=\"elementor-widget-container\">\n\t\t\t\t\t\t\t<div class=\"elementor-icon-wrapper\">\n\t\t\t<div class=\"elementor-icon\">\n\t\t\t<svg xmlns=\"http:\/\/www.w3.org\/2000\/svg\" id=\"Layer_1\" viewbox=\"0 0 65.38 48.98\"><defs><style>.cls-1{fill:none;stroke:#fedb00;stroke-linecap:round;stroke-linejoin:round;stroke-width:2px;}<\/style><\/defs><polygon class=\"cls-1\" points=\"15.41 29.08 20.99 33.71 32.68 24.45 44.19 33.71 49.96 29.08 32.69 15.27 15.41 29.08\"><\/polygon><\/svg>\t\t\t<\/div>\n\t\t<\/div>\n\t\t\t\t\t\t<\/div>\n\t\t\t\t<\/div>\n\t\t\t\t\t<\/div>\n\t\t<\/div>\n\t\t\t\t\t<\/div>\n\t\t<\/section>\n\t\t\t\t\t<\/div>\n\t\t<\/div>\n\t\t\t\t\t<\/div>\n\t\t<\/section>\n\t\t\t\t<section class=\"elementor-section elementor-top-section elementor-element elementor-element-b1be54d elementor-section-content-middle elementor-section-boxed elementor-section-height-default elementor-section-height-default\" data-id=\"b1be54d\" data-element_type=\"section\" data-e-type=\"section\" id=\"toimii\" data-settings=\"{&quot;background_background&quot;:&quot;classic&quot;}\">\n\t\t\t\t\t\t<div class=\"elementor-container elementor-column-gap-no\">\n\t\t\t\t\t<div class=\"elementor-column elementor-col-100 elementor-top-column elementor-element elementor-element-26ab97b\" data-id=\"26ab97b\" data-element_type=\"column\" data-e-type=\"column\">\n\t\t\t<div class=\"elementor-widget-wrap elementor-element-populated\">\n\t\t\t\t\t\t<div class=\"elementor-element elementor-element-bdb154c elementor-widget elementor-widget-heading\" data-id=\"bdb154c\" data-element_type=\"widget\" data-e-type=\"widget\" data-widget_type=\"heading.default\">\n\t\t\t\t<div class=\"elementor-widget-container\">\n\t\t\t\t\t<h1 class=\"elementor-heading-title elementor-size-default\">Miten se toimii?<\/h1>\t\t\t\t<\/div>\n\t\t\t\t<\/div>\n\t\t\t\t<div class=\"elementor-element elementor-element-f79421a elementor-widget elementor-widget-text-editor\" data-id=\"f79421a\" data-element_type=\"widget\" data-e-type=\"widget\" data-widget_type=\"text-editor.default\">\n\t\t\t\t<div class=\"elementor-widget-container\">\n\t\t\t\t\t\t\t\t\t<div class=\"\"><p>Tapahtuma j\u00e4rjestet\u00e4\u00e4n keskiviikkona 16.4.2025. ja seikkailukierros on &#8221;avoinna&#8221; koko p\u00e4iv\u00e4n. Voitte siis suorittaa Egg Huntin omien aikataulujenne mukaan, mutta jos haluatte vastaanottaa herkullisia palkintoja niin kannattaa se tehd\u00e4 aulapalvelun aukiolojen puitteissa. L\u00e4ht\u00f6piste on S\u00e4terinportin p\u00e4\u00e4aulassa.<\/p><p>\u00a0<\/p><\/div><div class=\"\"><b>Ker\u00e4\u00e4 tiimi<\/b><\/div><div class=\"\">Tiimit voivat koostua yhdest\u00e4 yrityksest\u00e4 tai isommassa yrityksess\u00e4 useista pienemmist\u00e4 ryhmist\u00e4 (esim. muutaman hengen ryhmi\u00e4).<\/div><div>\u00a0<\/div><div class=\"\"><b>Mukaan puhelin<\/b><br \/>Varmista, ett\u00e4 tiimiss\u00e4 on v\u00e4hint\u00e4\u00e4n yksi toimiva puhelin, jotta voitte suorittaa teht\u00e4v\u00e4t. Maalissa kaikki osallistujat saavat palkinnon. Egg Huntin p\u00e4\u00e4tteeksi on my\u00f6s mahdollisuus osallistua mahtavaan arvontaan, jossa palkinto on viel\u00e4 salaisuus. J\u00e4nnityst\u00e4 riitt\u00e4\u00e4 siis loppuun saakka!\u00a0<\/div><div>\u00a0<\/div><div><b>Ilmoittaudu<br \/><\/b><\/div><div class=\"\">Jotta voimme varmistaa, ett\u00e4 palkintoja riitt\u00e4\u00e4 kaikille osallistujille, ilmoita tiimisi etuk\u00e4teen aulapalveluun alla olevasta linkist\u00e4. L\u00e4mpim\u00e4sti tervetuloa mukaan!<\/div><div class=\"\">\u00a0<\/div>\t\t\t\t\t\t\t\t<\/div>\n\t\t\t\t<\/div>\n\t\t\t\t<div class=\"elementor-element elementor-element-7d531f1 elementor-tablet-align-center elementor-align-center elementor-invisible elementor-widget elementor-widget-button\" data-id=\"7d531f1\" data-element_type=\"widget\" data-e-type=\"widget\" data-settings=\"{&quot;_animation&quot;:&quot;fadeInDown&quot;}\" data-widget_type=\"button.default\">\n\t\t\t\t<div class=\"elementor-widget-container\">\n\t\t\t\t\t\t\t\t\t<div class=\"elementor-button-wrapper\">\n\t\t\t\t\t<a class=\"elementor-button elementor-button-link elementor-size-md\" href=\"mailto:aulapalvelu@saterinportti.fi\">\n\t\t\t\t\t\t<span class=\"elementor-button-content-wrapper\">\n\t\t\t\t\t\t\t\t\t<span class=\"elementor-button-text\">Ilmoittaudu heti!<\/span>\n\t\t\t\t\t<\/span>\n\t\t\t\t\t<\/a>\n\t\t\t\t<\/div>\n\t\t\t\t\t\t\t\t<\/div>\n\t\t\t\t<\/div>\n\t\t\t\t\t<\/div>\n\t\t<\/div>\n\t\t\t\t\t<\/div>\n\t\t<\/section>\n\t\t\t\t<section class=\"elementor-section elementor-top-section elementor-element elementor-element-a3cfa06 elementor-section-full_width elementor-section-height-default elementor-section-height-default\" data-id=\"a3cfa06\" data-element_type=\"section\" data-e-type=\"section\">\n\t\t\t\t\t\t<div class=\"elementor-container elementor-column-gap-default\">\n\t\t\t\t\t<div class=\"elementor-column elementor-col-100 elementor-top-column elementor-element elementor-element-4fe0806\" data-id=\"4fe0806\" data-element_type=\"column\" data-e-type=\"column\">\n\t\t\t<div class=\"elementor-widget-wrap elementor-element-populated\">\n\t\t\t\t\t\t<div class=\"elementor-element elementor-element-99435d7 elementor-widget elementor-widget-image\" data-id=\"99435d7\" data-element_type=\"widget\" data-e-type=\"widget\" data-widget_type=\"image.default\">\n\t\t\t\t<div class=\"elementor-widget-container\">\n\t\t\t\t\t\t\t\t\t\t\t\t\t\t\t<img fetchpriority=\"high\" decoding=\"async\" width=\"1272\" height=\"330\" src=\"https:\/\/saterinportti.fi\/wp-content\/uploads\/2025\/03\/easeteregghuntbanner.png\" class=\"attachment-full size-full wp-image-4227\" alt=\"\" srcset=\"https:\/\/saterinportti.fi\/wp-content\/uploads\/2025\/03\/easeteregghuntbanner.png 1272w, https:\/\/saterinportti.fi\/wp-content\/uploads\/2025\/03\/easeteregghuntbanner-300x78.png 300w, https:\/\/saterinportti.fi\/wp-content\/uploads\/2025\/03\/easeteregghuntbanner-1024x266.png 1024w, https:\/\/saterinportti.fi\/wp-content\/uploads\/2025\/03\/easeteregghuntbanner-768x199.png 768w, https:\/\/saterinportti.fi\/wp-content\/uploads\/2025\/03\/easeteregghuntbanner-18x5.png 18w\" sizes=\"(max-width: 1272px) 100vw, 1272px\" \/>\t\t\t\t\t\t\t\t\t\t\t\t\t\t\t<\/div>\n\t\t\t\t<\/div>\n\t\t\t\t\t<\/div>\n\t\t<\/div>\n\t\t\t\t\t<\/div>\n\t\t<\/section>\n\t\t\t\t<\/div>","protected":false},"excerpt":{"rendered":"<p>tsirp, tsirp! Easter Egg Hunt ke 16.4.2025 starttaa p\u00e4\u00e4aulasta T\u00e4ss\u00e4 hauskassa seikkailussa p\u00e4\u00e4set p\u00e4\u00e4si\u00e4isen tunnelmaan ja ratkomaan arvoituksia ja teht\u00e4vi\u00e4 ymp\u00e4ri S\u00e4terinporttia yhdess\u00e4 kollegoidesi kanssa. Kuulostaako kivalta? Jatka lukemista Miten [&hellip;]<\/p>\n","protected":false},"author":1,"featured_media":4224,"parent":0,"menu_order":0,"comment_status":"closed","ping_status":"closed","template":"","meta":{"om_disable_all_campaigns":false,"_monsterinsights_skip_tracking":false,"_monsterinsights_sitenote_active":false,"_monsterinsights_sitenote_note":"","_monsterinsights_sitenote_category":0,"_price":"","_stock":"","_tribe_ticket_header":"","_tribe_default_ticket_provider":"","_tribe_ticket_capacity":"0","_ticket_start_date":"","_ticket_end_date":"","_tribe_ticket_show_description":"","_tribe_ticket_show_not_going":false,"_tribe_ticket_use_global_stock":"","_tribe_ticket_global_stock_level":"","_global_stock_mode":"","_global_stock_cap":"","_tribe_rsvp_for_event":"","_tribe_ticket_going_count":"","_tribe_ticket_not_going_count":"","_tribe_tickets_list":"[]","_tribe_ticket_has_attendee_info_fields":false,"footnotes":""},"class_list":["post-4049","page","type-page","status-publish","has-post-thumbnail","hentry"],"aioseo_notices":[],"_links":{"self":[{"href":"https:\/\/saterinportti.fi\/en\/wp-json\/wp\/v2\/pages\/4049","targetHints":{"allow":["GET"]}}],"collection":[{"href":"https:\/\/saterinportti.fi\/en\/wp-json\/wp\/v2\/pages"}],"about":[{"href":"https:\/\/saterinportti.fi\/en\/wp-json\/wp\/v2\/types\/page"}],"author":[{"embeddable":true,"href":"https:\/\/saterinportti.fi\/en\/wp-json\/wp\/v2\/users\/1"}],"replies":[{"embeddable":true,"href":"https:\/\/saterinportti.fi\/en\/wp-json\/wp\/v2\/comments?post=4049"}],"version-history":[{"count":13,"href":"https:\/\/saterinportti.fi\/en\/wp-json\/wp\/v2\/pages\/4049\/revisions"}],"predecessor-version":[{"id":4239,"href":"https:\/\/saterinportti.fi\/en\/wp-json\/wp\/v2\/pages\/4049\/revisions\/4239"}],"wp:featuredmedia":[{"embeddable":true,"href":"https:\/\/saterinportti.fi\/en\/wp-json\/wp\/v2\/media\/4224"}],"wp:attachment":[{"href":"https:\/\/saterinportti.fi\/en\/wp-json\/wp\/v2\/media?parent=4049"}],"curies":[{"name":"wp","href":"https:\/\/api.w.org\/{rel}","templated":true}]}}