{"id":1267,"date":"2023-02-10T13:13:53","date_gmt":"2023-02-10T11:13:53","guid":{"rendered":"http:\/\/saterinportti.fi\/?page_id=1267"},"modified":"2023-02-13T13:34:13","modified_gmt":"2023-02-13T11:34:13","slug":"artikkeli-archive","status":"publish","type":"page","link":"https:\/\/saterinportti.fi\/en\/artikkeli-archive\/","title":{"rendered":"News"},"content":{"rendered":"<div data-elementor-type=\"wp-page\" data-elementor-id=\"1267\" class=\"elementor elementor-1267\" data-elementor-post-type=\"page\">\n\t\t\t\t\t\t<section class=\"elementor-section elementor-top-section elementor-element elementor-element-6ce997b elementor-section-height-min-height elementor-section-boxed elementor-section-height-default elementor-section-items-middle\" data-id=\"6ce997b\" data-element_type=\"section\" data-e-type=\"section\">\n\t\t\t\t\t\t<div class=\"elementor-container elementor-column-gap-no\">\n\t\t\t\t\t<div class=\"elementor-column elementor-col-100 elementor-top-column elementor-element elementor-element-acf253c\" data-id=\"acf253c\" data-element_type=\"column\" data-e-type=\"column\">\n\t\t\t<div class=\"elementor-widget-wrap elementor-element-populated\">\n\t\t\t\t\t\t<div class=\"elementor-element elementor-element-144adc8 elementor-grid-3 elementor-grid-tablet-2 elementor-grid-mobile-1 elementor-posts--thumbnail-top elementor-widget elementor-widget-posts\" data-id=\"144adc8\" data-element_type=\"widget\" data-e-type=\"widget\" data-settings=\"{&quot;classic_columns&quot;:&quot;3&quot;,&quot;classic_columns_tablet&quot;:&quot;2&quot;,&quot;classic_columns_mobile&quot;:&quot;1&quot;,&quot;classic_row_gap&quot;:{&quot;unit&quot;:&quot;px&quot;,&quot;size&quot;:35,&quot;sizes&quot;:[]},&quot;classic_row_gap_tablet&quot;:{&quot;unit&quot;:&quot;px&quot;,&quot;size&quot;:&quot;&quot;,&quot;sizes&quot;:[]},&quot;classic_row_gap_mobile&quot;:{&quot;unit&quot;:&quot;px&quot;,&quot;size&quot;:&quot;&quot;,&quot;sizes&quot;:[]}}\" data-widget_type=\"posts.classic\">\n\t\t\t\t<div class=\"elementor-widget-container\">\n\t\t\t\t\t\t\t<div class=\"elementor-posts-container elementor-posts elementor-posts--skin-classic elementor-grid\" role=\"list\">\n\t\t\t\t<article class=\"elementor-post elementor-grid-item post-4154 post type-post status-publish format-standard has-post-thumbnail hentry category-uutiset\" role=\"listitem\">\n\t\t\t\t<a class=\"elementor-post__thumbnail__link\" href=\"https:\/\/saterinportti.fi\/en\/novo-nordiskin-yhteiskavely\/\" tabindex=\"-1\" >\n\t\t\t<div class=\"elementor-post__thumbnail\"><img fetchpriority=\"high\" decoding=\"async\" width=\"300\" height=\"200\" src=\"https:\/\/saterinportti.fi\/wp-content\/uploads\/2024\/10\/novonordisk_kavelykuva-300x200.png\" class=\"attachment-medium size-medium wp-image-4156\" alt=\"\" srcset=\"https:\/\/saterinportti.fi\/wp-content\/uploads\/2024\/10\/novonordisk_kavelykuva-300x200.png 300w, https:\/\/saterinportti.fi\/wp-content\/uploads\/2024\/10\/novonordisk_kavelykuva-768x512.png 768w, https:\/\/saterinportti.fi\/wp-content\/uploads\/2024\/10\/novonordisk_kavelykuva-18x12.png 18w, https:\/\/saterinportti.fi\/wp-content\/uploads\/2024\/10\/novonordisk_kavelykuva.png 834w\" sizes=\"(max-width: 300px) 100vw, 300px\" \/><\/div>\n\t\t<\/a>\n\t\t\t\t<div class=\"elementor-post__text\">\n\t\t\t\t<h3 class=\"elementor-post__title\">\n\t\t\t<a href=\"https:\/\/saterinportti.fi\/en\/novo-nordiskin-yhteiskavely\/\" >\n\t\t\t\tNovo Nordiskin yhteisk\u00e4vely\t\t\t<\/a>\n\t\t<\/h3>\n\t\t\t\t<div class=\"elementor-post__meta-data\">\n\t\t\t\t\t<span class=\"elementor-post-date\">\n\t\t\t28.10.2024\t\t<\/span>\n\t\t\t\t<\/div>\n\t\t\t\t<div class=\"elementor-post__excerpt\">\n\t\t\t<p>Novo Nordisk j\u00e4rjest\u00e4\u00e4 yhteisk\u00e4velyn Maailman diabetesp\u00e4iv\u00e4n\u00e4, torstaina 14.11. ja haastaa kaikki S\u00e4terinportin yritykset osallistumaan tapahtumaan.<\/p>\n\t\t<\/div>\n\t\t\n\t\t<a class=\"elementor-post__read-more\" href=\"https:\/\/saterinportti.fi\/en\/novo-nordiskin-yhteiskavely\/\" aria-label=\"Read more about Novo Nordiskin yhteisk\u00e4vely\" tabindex=\"-1\" >\n\t\t\tRead more\t\t<\/a>\n\n\t\t\t\t<\/div>\n\t\t\t\t<\/article>\n\t\t\t\t<article class=\"elementor-post elementor-grid-item post-4120 post type-post status-publish format-standard has-post-thumbnail hentry category-uutiset\" role=\"listitem\">\n\t\t\t\t<a class=\"elementor-post__thumbnail__link\" href=\"https:\/\/saterinportti.fi\/en\/jaanan-aamuspinnu-is-back\/\" tabindex=\"-1\" >\n\t\t\t<div class=\"elementor-post__thumbnail\"><img decoding=\"async\" width=\"300\" height=\"300\" src=\"https:\/\/saterinportti.fi\/wp-content\/uploads\/2024\/09\/saterinportti_aamuspinnu-300x300.jpg\" class=\"attachment-medium size-medium wp-image-4122\" alt=\"\" srcset=\"https:\/\/saterinportti.fi\/wp-content\/uploads\/2024\/09\/saterinportti_aamuspinnu-300x300.jpg 300w, https:\/\/saterinportti.fi\/wp-content\/uploads\/2024\/09\/saterinportti_aamuspinnu-1024x1024.jpg 1024w, https:\/\/saterinportti.fi\/wp-content\/uploads\/2024\/09\/saterinportti_aamuspinnu-150x150.jpg 150w, https:\/\/saterinportti.fi\/wp-content\/uploads\/2024\/09\/saterinportti_aamuspinnu-768x768.jpg 768w, https:\/\/saterinportti.fi\/wp-content\/uploads\/2024\/09\/saterinportti_aamuspinnu-12x12.jpg 12w, https:\/\/saterinportti.fi\/wp-content\/uploads\/2024\/09\/saterinportti_aamuspinnu.jpg 1080w\" sizes=\"(max-width: 300px) 100vw, 300px\" \/><\/div>\n\t\t<\/a>\n\t\t\t\t<div class=\"elementor-post__text\">\n\t\t\t\t<h3 class=\"elementor-post__title\">\n\t\t\t<a href=\"https:\/\/saterinportti.fi\/en\/jaanan-aamuspinnu-is-back\/\" >\n\t\t\t\tJaanan aamuspinnu is BACK!\t\t\t<\/a>\n\t\t<\/h3>\n\t\t\t\t<div class=\"elementor-post__meta-data\">\n\t\t\t\t\t<span class=\"elementor-post-date\">\n\t\t\t4.9.2024\t\t<\/span>\n\t\t\t\t<\/div>\n\t\t\t\t<div class=\"elementor-post__excerpt\">\n\t\t\t<p>Jaanan aamuspinnu palaa lukkariin ti 3.9. alkaen. Tunnit joka tiistai klo 7-7.45 joulukuun puoleen v\u00e4liin saakka. Luvassa Jaanan mielest\u00e4 hyv\u00e4\u00e4 musiikkia ja tietysti super tehokas treeni!<\/p>\n\t\t<\/div>\n\t\t\n\t\t<a class=\"elementor-post__read-more\" href=\"https:\/\/saterinportti.fi\/en\/jaanan-aamuspinnu-is-back\/\" aria-label=\"Read more about Jaanan aamuspinnu is BACK!\" tabindex=\"-1\" >\n\t\t\tRead more\t\t<\/a>\n\n\t\t\t\t<\/div>\n\t\t\t\t<\/article>\n\t\t\t\t<article class=\"elementor-post elementor-grid-item post-4109 post type-post status-publish format-standard has-post-thumbnail hentry category-uutiset\" role=\"listitem\">\n\t\t\t\t<a class=\"elementor-post__thumbnail__link\" href=\"https:\/\/saterinportti.fi\/en\/markkinoi-ja-viesti-vastuullisesti\/\" tabindex=\"-1\" >\n\t\t\t<div class=\"elementor-post__thumbnail\"><img decoding=\"async\" width=\"209\" height=\"300\" src=\"https:\/\/saterinportti.fi\/wp-content\/uploads\/2024\/09\/energiansaastoviikko2024-209x300.png\" class=\"attachment-medium size-medium wp-image-4112\" alt=\"\" srcset=\"https:\/\/saterinportti.fi\/wp-content\/uploads\/2024\/09\/energiansaastoviikko2024-209x300.png 209w, https:\/\/saterinportti.fi\/wp-content\/uploads\/2024\/09\/energiansaastoviikko2024-713x1024.png 713w, https:\/\/saterinportti.fi\/wp-content\/uploads\/2024\/09\/energiansaastoviikko2024-768x1103.png 768w, https:\/\/saterinportti.fi\/wp-content\/uploads\/2024\/09\/energiansaastoviikko2024-1070x1536.png 1070w, https:\/\/saterinportti.fi\/wp-content\/uploads\/2024\/09\/energiansaastoviikko2024-8x12.png 8w, https:\/\/saterinportti.fi\/wp-content\/uploads\/2024\/09\/energiansaastoviikko2024.png 1081w\" sizes=\"(max-width: 209px) 100vw, 209px\" \/><\/div>\n\t\t<\/a>\n\t\t\t\t<div class=\"elementor-post__text\">\n\t\t\t\t<h3 class=\"elementor-post__title\">\n\t\t\t<a href=\"https:\/\/saterinportti.fi\/en\/markkinoi-ja-viesti-vastuullisesti\/\" >\n\t\t\t\tMarkkinoi ja viesti vastuullisesti. To 10.10. klo 14-15 Blue Roomissa\t\t\t<\/a>\n\t\t<\/h3>\n\t\t\t\t<div class=\"elementor-post__meta-data\">\n\t\t\t\t\t<span class=\"elementor-post-date\">\n\t\t\t3.9.2024\t\t<\/span>\n\t\t\t\t<\/div>\n\t\t\t\t<div class=\"elementor-post__excerpt\">\n\t\t\t<p>Viherpesutalous-kirjan kirjoittaja Antti Isokangas saapuu S\u00e4terinportin Blue Roomiin to 10.10. klo 14-15 kertomaan vastuullisuusaiheisesta markkinoinnista ja viestinn\u00e4st\u00e4 yhteiskunnallisten ja taloudellisten muutosten sek\u00e4 k\u00e4yt\u00e4nn\u00f6n<br \/>\ntoteutuksen tasolla. Tervetuloa!<\/p>\n\t\t<\/div>\n\t\t\n\t\t<a class=\"elementor-post__read-more\" href=\"https:\/\/saterinportti.fi\/en\/markkinoi-ja-viesti-vastuullisesti\/\" aria-label=\"Read more about Markkinoi ja viesti vastuullisesti. To 10.10. klo 14-15 Blue Roomissa\" tabindex=\"-1\" >\n\t\t\tRead more\t\t<\/a>\n\n\t\t\t\t<\/div>\n\t\t\t\t<\/article>\n\t\t\t\t<article class=\"elementor-post elementor-grid-item post-4101 post type-post status-publish format-standard has-post-thumbnail hentry category-uutiset\" role=\"listitem\">\n\t\t\t\t<a class=\"elementor-post__thumbnail__link\" href=\"https:\/\/saterinportti.fi\/en\/leffaillat\/\" tabindex=\"-1\" >\n\t\t\t<div class=\"elementor-post__thumbnail\"><img loading=\"lazy\" decoding=\"async\" width=\"176\" height=\"300\" src=\"https:\/\/saterinportti.fi\/wp-content\/uploads\/2024\/09\/leffamainos_saterinportti_final-176x300.jpg\" class=\"attachment-medium size-medium wp-image-4103\" alt=\"\" srcset=\"https:\/\/saterinportti.fi\/wp-content\/uploads\/2024\/09\/leffamainos_saterinportti_final-176x300.jpg 176w, https:\/\/saterinportti.fi\/wp-content\/uploads\/2024\/09\/leffamainos_saterinportti_final-601x1024.jpg 601w, https:\/\/saterinportti.fi\/wp-content\/uploads\/2024\/09\/leffamainos_saterinportti_final-768x1308.jpg 768w, https:\/\/saterinportti.fi\/wp-content\/uploads\/2024\/09\/leffamainos_saterinportti_final-902x1536.jpg 902w, https:\/\/saterinportti.fi\/wp-content\/uploads\/2024\/09\/leffamainos_saterinportti_final-7x12.jpg 7w, https:\/\/saterinportti.fi\/wp-content\/uploads\/2024\/09\/leffamainos_saterinportti_final.jpg 1080w\" sizes=\"(max-width: 176px) 100vw, 176px\" \/><\/div>\n\t\t<\/a>\n\t\t\t\t<div class=\"elementor-post__text\">\n\t\t\t\t<h3 class=\"elementor-post__title\">\n\t\t\t<a href=\"https:\/\/saterinportti.fi\/en\/leffaillat\/\" >\n\t\t\t\tLeffailta to 31.10. klo 17.\t\t\t<\/a>\n\t\t<\/h3>\n\t\t\t\t<div class=\"elementor-post__meta-data\">\n\t\t\t\t\t<span class=\"elementor-post-date\">\n\t\t\t3.9.2024\t\t<\/span>\n\t\t\t\t<\/div>\n\t\t\t\t<div class=\"elementor-post__excerpt\">\n\t\t\t<p>Mukavuusalueen leffaillassa to 31.10. klo 17 alkaen Ghostbusters &#8211; Frozen Empire. Me tarjoamme s\u00e4terinporttilaisille elokuvan, limut ja popparit, tervetuloa!<\/p>\n\t\t<\/div>\n\t\t\n\t\t<a class=\"elementor-post__read-more\" href=\"https:\/\/saterinportti.fi\/en\/leffaillat\/\" aria-label=\"Read more about Leffailta to 31.10. klo 17.\" tabindex=\"-1\" >\n\t\t\tRead more\t\t<\/a>\n\n\t\t\t\t<\/div>\n\t\t\t\t<\/article>\n\t\t\t\t<article class=\"elementor-post elementor-grid-item post-3879 post type-post status-publish format-standard has-post-thumbnail hentry category-uutiset\" role=\"listitem\">\n\t\t\t\t<a class=\"elementor-post__thumbnail__link\" href=\"https:\/\/saterinportti.fi\/en\/kesa-2024-par-teet\/\" tabindex=\"-1\" >\n\t\t\t<div class=\"elementor-post__thumbnail\"><img loading=\"lazy\" decoding=\"async\" width=\"200\" height=\"300\" src=\"https:\/\/saterinportti.fi\/wp-content\/uploads\/2024\/06\/IMG_6799_lres-1-200x300.jpg\" class=\"attachment-medium size-medium wp-image-3956\" alt=\"\" srcset=\"https:\/\/saterinportti.fi\/wp-content\/uploads\/2024\/06\/IMG_6799_lres-1-200x300.jpg 200w, https:\/\/saterinportti.fi\/wp-content\/uploads\/2024\/06\/IMG_6799_lres-1-683x1024.jpg 683w, https:\/\/saterinportti.fi\/wp-content\/uploads\/2024\/06\/IMG_6799_lres-1-768x1152.jpg 768w, https:\/\/saterinportti.fi\/wp-content\/uploads\/2024\/06\/IMG_6799_lres-1-8x12.jpg 8w, https:\/\/saterinportti.fi\/wp-content\/uploads\/2024\/06\/IMG_6799_lres-1.jpg 1024w\" sizes=\"(max-width: 200px) 100vw, 200px\" \/><\/div>\n\t\t<\/a>\n\t\t\t\t<div class=\"elementor-post__text\">\n\t\t\t\t<h3 class=\"elementor-post__title\">\n\t\t\t<a href=\"https:\/\/saterinportti.fi\/en\/kesa-2024-par-teet\/\" >\n\t\t\t\tKes\u00e4 2024 Par-teet!\t\t\t<\/a>\n\t\t<\/h3>\n\t\t\t\t<div class=\"elementor-post__meta-data\">\n\t\t\t\t\t<span class=\"elementor-post-date\">\n\t\t\t10.6.2024\t\t<\/span>\n\t\t\t\t<\/div>\n\t\t\t\t<div class=\"elementor-post__excerpt\">\n\t\t\t<p>Kes\u00e4 2024 avattiin S\u00e4terinportissa golfteemaisella Par-teella. Kiitos kaikille osallistujille. Ensi vuonna uudestaan \ud83d\ude42 <\/p>\n\t\t<\/div>\n\t\t\n\t\t<a class=\"elementor-post__read-more\" href=\"https:\/\/saterinportti.fi\/en\/kesa-2024-par-teet\/\" aria-label=\"Read more about Kes\u00e4 2024 Par-teet!\" tabindex=\"-1\" >\n\t\t\tRead more\t\t<\/a>\n\n\t\t\t\t<\/div>\n\t\t\t\t<\/article>\n\t\t\t\t<article class=\"elementor-post elementor-grid-item post-4036 post type-post status-publish format-standard has-post-thumbnail hentry category-uutiset\" role=\"listitem\">\n\t\t\t\t<a class=\"elementor-post__thumbnail__link\" href=\"https:\/\/saterinportti.fi\/en\/suomen-upein-golfsimulaattori\/\" tabindex=\"-1\" >\n\t\t\t<div class=\"elementor-post__thumbnail\"><img loading=\"lazy\" decoding=\"async\" width=\"300\" height=\"200\" src=\"https:\/\/saterinportti.fi\/wp-content\/uploads\/2024\/06\/IMG_5000_lres-300x200.jpg\" class=\"attachment-medium size-medium wp-image-3994\" alt=\"\" srcset=\"https:\/\/saterinportti.fi\/wp-content\/uploads\/2024\/06\/IMG_5000_lres-300x200.jpg 300w, https:\/\/saterinportti.fi\/wp-content\/uploads\/2024\/06\/IMG_5000_lres-768x512.jpg 768w, https:\/\/saterinportti.fi\/wp-content\/uploads\/2024\/06\/IMG_5000_lres-18x12.jpg 18w, https:\/\/saterinportti.fi\/wp-content\/uploads\/2024\/06\/IMG_5000_lres.jpg 1024w\" sizes=\"(max-width: 300px) 100vw, 300px\" \/><\/div>\n\t\t<\/a>\n\t\t\t\t<div class=\"elementor-post__text\">\n\t\t\t\t<h3 class=\"elementor-post__title\">\n\t\t\t<a href=\"https:\/\/saterinportti.fi\/en\/suomen-upein-golfsimulaattori\/\" >\n\t\t\t\tSuomen upein golfsimulaattori\t\t\t<\/a>\n\t\t<\/h3>\n\t\t\t\t<div class=\"elementor-post__meta-data\">\n\t\t\t\t\t<span class=\"elementor-post-date\">\n\t\t\t5.5.2024\t\t<\/span>\n\t\t\t\t<\/div>\n\t\t\t\t<div class=\"elementor-post__excerpt\">\n\t\t\t<p>Mukavuusalueelle on rakennettu asiakkaidemme k\u00e4ytt\u00f6\u00f6n Suomen upein golfsimulaattori. Tilassa on my\u00f6s puttiharjoittelulle varattu alue. Tervetuloa tutustumaan!<\/p>\n\t\t<\/div>\n\t\t\n\t\t<a class=\"elementor-post__read-more\" href=\"https:\/\/saterinportti.fi\/en\/suomen-upein-golfsimulaattori\/\" aria-label=\"Read more about Suomen upein golfsimulaattori\" tabindex=\"-1\" >\n\t\t\tRead more\t\t<\/a>\n\n\t\t\t\t<\/div>\n\t\t\t\t<\/article>\n\t\t\t\t<article class=\"elementor-post elementor-grid-item post-2984 post type-post status-publish format-standard has-post-thumbnail hentry category-uutiset\" role=\"listitem\">\n\t\t\t\t<a class=\"elementor-post__thumbnail__link\" href=\"https:\/\/saterinportti.fi\/en\/wonderlandin-laajennusosan-tuparit\/\" tabindex=\"-1\" >\n\t\t\t<div class=\"elementor-post__thumbnail\"><img loading=\"lazy\" decoding=\"async\" width=\"300\" height=\"150\" src=\"https:\/\/saterinportti.fi\/wp-content\/uploads\/2023\/09\/https-__cdn.evbuc_.com_images_597994269_149603790908_1_original-300x150.jpg\" class=\"attachment-medium size-medium wp-image-2986\" alt=\"\" srcset=\"https:\/\/saterinportti.fi\/wp-content\/uploads\/2023\/09\/https-__cdn.evbuc_.com_images_597994269_149603790908_1_original-300x150.jpg 300w, https:\/\/saterinportti.fi\/wp-content\/uploads\/2023\/09\/https-__cdn.evbuc_.com_images_597994269_149603790908_1_original-768x384.jpg 768w, https:\/\/saterinportti.fi\/wp-content\/uploads\/2023\/09\/https-__cdn.evbuc_.com_images_597994269_149603790908_1_original-18x9.jpg 18w, https:\/\/saterinportti.fi\/wp-content\/uploads\/2023\/09\/https-__cdn.evbuc_.com_images_597994269_149603790908_1_original.jpg 940w\" sizes=\"(max-width: 300px) 100vw, 300px\" \/><\/div>\n\t\t<\/a>\n\t\t\t\t<div class=\"elementor-post__text\">\n\t\t\t\t<h3 class=\"elementor-post__title\">\n\t\t\t<a href=\"https:\/\/saterinportti.fi\/en\/wonderlandin-laajennusosan-tuparit\/\" >\n\t\t\t\tWonderlandin laajennusosan tuparit!\t\t\t<\/a>\n\t\t<\/h3>\n\t\t\t\t<div class=\"elementor-post__meta-data\">\n\t\t\t\t\t<span class=\"elementor-post-date\">\n\t\t\t25.9.2023\t\t<\/span>\n\t\t\t\t<\/div>\n\t\t\t\t<div class=\"elementor-post__excerpt\">\n\t\t\t<p>Liity seuraamme pe 29.9. klo 14 alkaen ei-tavallisille afterworkeille aka Wonderlandin laajennusosan tupareille!<\/p>\n\t\t<\/div>\n\t\t\n\t\t<a class=\"elementor-post__read-more\" href=\"https:\/\/saterinportti.fi\/en\/wonderlandin-laajennusosan-tuparit\/\" aria-label=\"Read more about Wonderlandin laajennusosan tuparit!\" tabindex=\"-1\" >\n\t\t\tRead more\t\t<\/a>\n\n\t\t\t\t<\/div>\n\t\t\t\t<\/article>\n\t\t\t\t<article class=\"elementor-post elementor-grid-item post-2626 post type-post status-publish format-standard has-post-thumbnail hentry category-uutiset\" role=\"listitem\">\n\t\t\t\t<a class=\"elementor-post__thumbnail__link\" href=\"https:\/\/saterinportti.fi\/en\/saterinportin-kesa-on-avattu\/\" tabindex=\"-1\" >\n\t\t\t<div class=\"elementor-post__thumbnail\"><img loading=\"lazy\" decoding=\"async\" width=\"300\" height=\"200\" src=\"https:\/\/saterinportti.fi\/wp-content\/uploads\/2023\/06\/IMG_1307_lres-300x200.jpg\" class=\"attachment-medium size-medium wp-image-2676\" alt=\"\" srcset=\"https:\/\/saterinportti.fi\/wp-content\/uploads\/2023\/06\/IMG_1307_lres-300x200.jpg 300w, https:\/\/saterinportti.fi\/wp-content\/uploads\/2023\/06\/IMG_1307_lres-768x512.jpg 768w, https:\/\/saterinportti.fi\/wp-content\/uploads\/2023\/06\/IMG_1307_lres-18x12.jpg 18w, https:\/\/saterinportti.fi\/wp-content\/uploads\/2023\/06\/IMG_1307_lres.jpg 1024w\" sizes=\"(max-width: 300px) 100vw, 300px\" \/><\/div>\n\t\t<\/a>\n\t\t\t\t<div class=\"elementor-post__text\">\n\t\t\t\t<h3 class=\"elementor-post__title\">\n\t\t\t<a href=\"https:\/\/saterinportti.fi\/en\/saterinportin-kesa-on-avattu\/\" >\n\t\t\t\tS\u00e4terinportin kes\u00e4 on avattu!\t\t\t<\/a>\n\t\t<\/h3>\n\t\t\t\t<div class=\"elementor-post__meta-data\">\n\t\t\t\t\t<span class=\"elementor-post-date\">\n\t\t\t4.6.2023\t\t<\/span>\n\t\t\t\t<\/div>\n\t\t\t\t<div class=\"elementor-post__excerpt\">\n\t\t\t<p>Perinteinen suomalainen kes\u00e4s\u00e4\u00e4k\u00e4\u00e4n ei hidastanut s\u00e4terinporttilaisten mahtavaa fiilist\u00e4 kes\u00e4navausjuhlissa torstaina 1.6. <\/p>\n\t\t<\/div>\n\t\t\n\t\t<a class=\"elementor-post__read-more\" href=\"https:\/\/saterinportti.fi\/en\/saterinportin-kesa-on-avattu\/\" aria-label=\"Read more about S\u00e4terinportin kes\u00e4 on avattu!\" tabindex=\"-1\" >\n\t\t\tRead more\t\t<\/a>\n\n\t\t\t\t<\/div>\n\t\t\t\t<\/article>\n\t\t\t\t<article class=\"elementor-post elementor-grid-item post-2617 post type-post status-publish format-standard has-post-thumbnail hentry category-uutiset\" role=\"listitem\">\n\t\t\t\t<a class=\"elementor-post__thumbnail__link\" href=\"https:\/\/saterinportti.fi\/en\/asiantuntijan-puheenvuoro-airbnblla-lisatuloja\/\" tabindex=\"-1\" >\n\t\t\t<div class=\"elementor-post__thumbnail\"><img loading=\"lazy\" decoding=\"async\" width=\"300\" height=\"169\" src=\"https:\/\/saterinportti.fi\/wp-content\/uploads\/2023\/05\/joonatan_voltti-300x169.jpg\" class=\"attachment-medium size-medium wp-image-2619\" alt=\"\" srcset=\"https:\/\/saterinportti.fi\/wp-content\/uploads\/2023\/05\/joonatan_voltti-300x169.jpg 300w, https:\/\/saterinportti.fi\/wp-content\/uploads\/2023\/05\/joonatan_voltti-1024x576.jpg 1024w, https:\/\/saterinportti.fi\/wp-content\/uploads\/2023\/05\/joonatan_voltti-768x432.jpg 768w, https:\/\/saterinportti.fi\/wp-content\/uploads\/2023\/05\/joonatan_voltti-1536x864.jpg 1536w, https:\/\/saterinportti.fi\/wp-content\/uploads\/2023\/05\/joonatan_voltti-18x10.jpg 18w, https:\/\/saterinportti.fi\/wp-content\/uploads\/2023\/05\/joonatan_voltti.jpg 2000w\" sizes=\"(max-width: 300px) 100vw, 300px\" \/><\/div>\n\t\t<\/a>\n\t\t\t\t<div class=\"elementor-post__text\">\n\t\t\t\t<h3 class=\"elementor-post__title\">\n\t\t\t<a href=\"https:\/\/saterinportti.fi\/en\/asiantuntijan-puheenvuoro-airbnblla-lisatuloja\/\" >\n\t\t\t\tAsiantuntijan puheenvuoro &#8211; Airbnb:ll\u00e4 lis\u00e4tuloja!\t\t\t<\/a>\n\t\t<\/h3>\n\t\t\t\t<div class=\"elementor-post__meta-data\">\n\t\t\t\t\t<span class=\"elementor-post-date\">\n\t\t\t22.5.2023\t\t<\/span>\n\t\t\t\t<\/div>\n\t\t\t\t<div class=\"elementor-post__excerpt\">\n\t\t\t<p>29.3. puheenvuoron aihe oli \u201dTakaisin toimistolle\u201d. Raila Lassila avasi motiiveja p\u00e4\u00e4t\u00f6ksenteolle ja keskustelimme keinoista lis\u00e4t\u00e4 l\u00e4hity\u00f6n houkuttelevuutta.<\/p>\n\t\t<\/div>\n\t\t\n\t\t<a class=\"elementor-post__read-more\" href=\"https:\/\/saterinportti.fi\/en\/asiantuntijan-puheenvuoro-airbnblla-lisatuloja\/\" aria-label=\"Read more about Asiantuntijan puheenvuoro &#8211; Airbnb:ll\u00e4 lis\u00e4tuloja!\" tabindex=\"-1\" >\n\t\t\tRead more\t\t<\/a>\n\n\t\t\t\t<\/div>\n\t\t\t\t<\/article>\n\t\t\t\t<\/div>\n\t\t\n\t\t\t\t\t\t<\/div>\n\t\t\t\t<\/div>\n\t\t\t\t\t<\/div>\n\t\t<\/div>\n\t\t\t\t\t<\/div>\n\t\t<\/section>\n\t\t\t\t<\/div>","protected":false},"excerpt":{"rendered":"","protected":false},"author":1,"featured_media":0,"parent":0,"menu_order":0,"comment_status":"closed","ping_status":"closed","template":"elementor_header_footer","meta":{"om_disable_all_campaigns":false,"_monsterinsights_skip_tracking":false,"_monsterinsights_sitenote_active":false,"_monsterinsights_sitenote_note":"","_monsterinsights_sitenote_category":0,"_price":"","_stock":"","_tribe_ticket_header":"","_tribe_default_ticket_provider":"","_tribe_ticket_capacity":"0","_ticket_start_date":"","_ticket_end_date":"","_tribe_ticket_show_description":"","_tribe_ticket_show_not_going":false,"_tribe_ticket_use_global_stock":"","_tribe_ticket_global_stock_level":"","_global_stock_mode":"","_global_stock_cap":"","_tribe_rsvp_for_event":"","_tribe_ticket_going_count":"","_tribe_ticket_not_going_count":"","_tribe_tickets_list":"[]","_tribe_ticket_has_attendee_info_fields":false,"footnotes":""},"class_list":["post-1267","page","type-page","status-publish","hentry"],"aioseo_notices":[],"_links":{"self":[{"href":"https:\/\/saterinportti.fi\/en\/wp-json\/wp\/v2\/pages\/1267","targetHints":{"allow":["GET"]}}],"collection":[{"href":"https:\/\/saterinportti.fi\/en\/wp-json\/wp\/v2\/pages"}],"about":[{"href":"https:\/\/saterinportti.fi\/en\/wp-json\/wp\/v2\/types\/page"}],"author":[{"embeddable":true,"href":"https:\/\/saterinportti.fi\/en\/wp-json\/wp\/v2\/users\/1"}],"replies":[{"embeddable":true,"href":"https:\/\/saterinportti.fi\/en\/wp-json\/wp\/v2\/comments?post=1267"}],"version-history":[{"count":17,"href":"https:\/\/saterinportti.fi\/en\/wp-json\/wp\/v2\/pages\/1267\/revisions"}],"predecessor-version":[{"id":1499,"href":"https:\/\/saterinportti.fi\/en\/wp-json\/wp\/v2\/pages\/1267\/revisions\/1499"}],"wp:attachment":[{"href":"https:\/\/saterinportti.fi\/en\/wp-json\/wp\/v2\/media?parent=1267"}],"curies":[{"name":"wp","href":"https:\/\/api.w.org\/{rel}","templated":true}]}}